{"id":24,"date":"2015-02-23T11:01:58","date_gmt":"2015-02-23T11:01:58","guid":{"rendered":"https:\/\/linguafranca.lv\/?page_id=24"},"modified":"2020-11-16T10:02:38","modified_gmt":"2020-11-16T10:02:38","slug":"job-opportunities","status":"publish","type":"page","link":"https:\/\/linguafranca.lv\/en\/job-opportunities\/","title":{"rendered":"Job Opportunities"},"content":{"rendered":"<p><strong>Tiek pied\u0101v\u0101ts darbs latvie\u0161u valodas pasniedz\u0113jam uz nepilnu slodzi.<\/strong><\/p>\n<p>Pras\u012bbas kandid\u0101tiem:<\/p>\n<ul>\n<li>augst\u0101k\u0101 izgl\u012bt\u012bba saisto\u0161aj\u0101 jom\u0101<\/li>\n<li>iepriek\u0161\u0113ja darba pieredze valodas pasnieg\u0161an\u0101<\/li>\n<li>sp\u0113ja patst\u0101v\u012bgi organiz\u0113t savu darbu<\/li>\n<li>v\u0113lamas ang\u013cu valodas zin\u0101\u0161anas<\/li>\n<\/ul>\n<p>M\u0113s pied\u0101v\u0101jam:<\/p>\n<ul>\n<li>darbu uz nepilnu slodzi<\/li>\n<li>darbu att\u0101lin\u0101ti ar \u0101rzemniekiem, grup\u0101s, Microsoft Teams vid\u0113 (ja nepiecie\u0161ams, apm\u0101c\u012bbu ar programmu nodro\u0161in\u0101m)<\/li>\n<li>darbu vakaros<\/li>\n<li>konkur\u0113tsp\u0113j\u012bgu atalgojumu par padar\u012bto darbu<\/li>\n<\/ul>\n<p>Ja darba pied\u0101v\u0101jums Tev liekas saisto\u0161s, s\u016bti savu CV un m\u0113s sazin\u0101simies ar kandit\u0101tiem, kuri tiks aicin\u0101ti uz interviju.<\/p>\n<p><strong>Are you a qualified English teacher looking for a new challenge?<\/strong><\/p>\n<ul>\n<li>Competitive Salary Package<\/li>\n<li>Friendly Working Environment<\/li>\n<li>Flexible Hours<\/li>\n<li>Assistance in Obtaining Work\/Residence Permits<\/li>\n<li>TEFL-Certified Native Speakers Only<\/li>\n<\/ul>\n<p>Send your CV by post to \u0122ertr\u016bdes iela 7, Riga, LV-1010<\/p>\n<p>or<\/p>\n<p>by e-mail to office@linguafranca.lv<\/p>\n<p><strong>Vous voulez enseigner le fran\u00e7ais? Le fran\u00e7ais est votre langue maternelle?<\/strong><\/p>\n<p>Nous vous proposons :<\/p>\n<ul>\n<li>de bonnes conditions financi\u00e8res<\/li>\n<li>une ambiance de travail sympathique<\/li>\n<li>des horaires flexibles<\/li>\n<li>l&#8217;aide n\u00e9cessaire \u00e0 l&#8217;obtention de votre permis de s\u00e9jour \/ travail.<\/li>\n<\/ul>\n<p>Conditions : fran\u00e7ais langue maternelle, exp\u00e9rience de l&#8217;enseignement.<\/p>\n<p>Envoyez nous votre CV \u00e0 l&#8217;adresse suivante :<br \/>\n\u0122ertr\u016bdes iela 7, Riga, LV-1010<br \/>\nou par e-mail : office@linguafranca.lv<\/p>\n","protected":false},"excerpt":{"rendered":"<p>Tiek pied\u0101v\u0101ts darbs latvie\u0161u valodas pasniedz\u0113jam uz nepilnu slodzi. Pras\u012bbas kandid\u0101tiem: augst\u0101k\u0101 izgl\u012bt\u012bba saisto\u0161aj\u0101 jom\u0101 iepriek\u0161\u0113ja darba pieredze valodas pasnieg\u0161an\u0101 sp\u0113ja patst\u0101v\u012bgi organiz\u0113t savu darbu v\u0113lamas ang\u013cu valodas zin\u0101\u0161anas M\u0113s pied\u0101v\u0101jam: darbu uz nepilnu slodzi darbu att\u0101lin\u0101ti ar \u0101rzemniekiem, grup\u0101s, Microsoft Teams vid\u0113 (ja nepiecie\u0161ams, apm\u0101c\u012bbu ar programmu nodro\u0161in\u0101m) darbu vakaros konkur\u0113tsp\u0113j\u012bgu atalgojumu par padar\u012bto [&hellip;]<\/p>\n","protected":false},"author":1,"featured_media":0,"parent":0,"menu_order":0,"comment_status":"closed","ping_status":"closed","template":"","meta":{"footnotes":""},"class_list":["post-24","page","type-page","status-publish","hentry"],"aioseo_notices":[],"_links":{"self":[{"href":"https:\/\/linguafranca.lv\/en\/wp-json\/wp\/v2\/pages\/24","targetHints":{"allow":["GET"]}}],"collection":[{"href":"https:\/\/linguafranca.lv\/en\/wp-json\/wp\/v2\/pages"}],"about":[{"href":"https:\/\/linguafranca.lv\/en\/wp-json\/wp\/v2\/types\/page"}],"author":[{"embeddable":true,"href":"https:\/\/linguafranca.lv\/en\/wp-json\/wp\/v2\/users\/1"}],"replies":[{"embeddable":true,"href":"https:\/\/linguafranca.lv\/en\/wp-json\/wp\/v2\/comments?post=24"}],"version-history":[{"count":4,"href":"https:\/\/linguafranca.lv\/en\/wp-json\/wp\/v2\/pages\/24\/revisions"}],"predecessor-version":[{"id":9003,"href":"https:\/\/linguafranca.lv\/en\/wp-json\/wp\/v2\/pages\/24\/revisions\/9003"}],"wp:attachment":[{"href":"https:\/\/linguafranca.lv\/en\/wp-json\/wp\/v2\/media?parent=24"}],"curies":[{"name":"wp","href":"https:\/\/api.w.org\/{rel}","templated":true}]}}