{"id":6008,"date":"2018-01-05T11:46:28","date_gmt":"2018-01-05T11:46:28","guid":{"rendered":"https:\/\/linguafranca.lv\/en\/sikdatnu-lietosana-timekla-vietne-linguafranca-lv\/"},"modified":"2018-04-27T09:52:52","modified_gmt":"2018-04-27T09:52:52","slug":"sikdatnu-lietosana-timekla-vietne-linguafranca-lv","status":"publish","type":"page","link":"https:\/\/linguafranca.lv\/en\/sikdatnu-lietosana-timekla-vietne-linguafranca-lv\/","title":{"rendered":"S\u012bkdat\u0146u lieto\u0161ana t\u012bmek\u013ca vietn\u0113 linguafranca.lv"},"content":{"rendered":"<p>\u0160aj\u0101 vietn\u0113 tiek lietotas s\u012bkdatnes (ang\u013cu valod\u0101 \u201ccookies\u201c).<\/p>\n<h3>Kas ir s\u012bkdatne?<\/h3>\n<p style=\"text-align: justify;\">S\u012bkdatne ir neliela teksta datne, kas tiek nos\u016bt\u012bta uz J\u016bsu datoru vai mobilo iek\u0101rtu t\u012bmek\u013ca vietnes apmekl\u0113\u0161an\u0101s laik\u0101 un ko t\u012bmek\u013ca vietne saglab\u0101 j\u016bsu dator\u0101 vai mobilaj\u0101 ier\u012bc\u0113, kad j\u016bs atverat vietni. Katr\u0101 turpm\u0101kaj\u0101 apmekl\u0113juma reiz\u0113 s\u012bkdatnes tiek nos\u016bt\u012btas atpaka\u013c uz izcelsmes m\u0101jas lapu vai uz citu m\u0101jas lapu, kas atpaz\u012bst \u0161o s\u012bkdatni. S\u012bkdatnes darbojas k\u0101 konkr\u0113tas m\u0101jas lapas atmi\u0146a, \u013caujot \u0161ai lapai atcer\u0113ties J\u016bsu datoru n\u0101kamaj\u0101s apmekl\u0113juma reiz\u0113s, tai skait\u0101 s\u012bkdatnes var atcer\u0113ties J\u016bsu iest\u0101d\u012bjumus vai uzlabot lietot\u0101ja \u0113rt\u012bbas. Papildu inform\u0101ciju par s\u012bkdatn\u0113m, k\u0101 ar\u012b k\u0101 t\u0101s iesp\u0113jams p\u0101rvald\u012bt vai izdz\u0113st, varat ieg\u016bt m\u0101jaslap\u0101 www.aboutcookies.org.<\/p>\n<h3>Google Analytics s\u012bkdatnes<\/h3>\n<p style=\"text-align: justify;\">\u0160aj\u0101 t\u012bmek\u013ca vietn\u0113 ir uzst\u0101d\u012bts \u201cGoogle Inc\u201d izveidot\u0101s programmas \u201cGoogle Analytics\u201d veidot\u0101s s\u012bkdatnes. \u201cGoogle Analytics\u201d s\u012bkdat\u0146u izmanto\u0161anas m\u0113r\u0137is ir linguafranca.lv t\u012bmek\u013ca vietnes satura kvalit\u0101tes uzlabo\u0161ana un satura piel\u0101go\u0161ana lietot\u0101ju vajadz\u012bb\u0101m.Pla\u0161\u0101k par \u201cGoogle Analytics\u201d pakalpojuma snieg\u0161anas noteikumiem var iepaz\u012bties m\u0101jaslap\u0101 http:\/\/www.google.com\/analytics\/terms\/us.html.Ja J\u016bs v\u0113laties, lai linguafranca.lv neieg\u016bst inform\u0101ciju par J\u016bsu aktivit\u0101t\u0113m linguafranca.lv t\u012bmek\u013ca vietn\u0113, Jums j\u0101aktiviz\u0113 Google Analytics Opt-out Browser Add-on (https:\/\/support.google.com\/analytics\/answer\/181881) papildr\u012bks. \u0160is papildr\u012bks sazin\u0101s ar Google Analytics JavaScript (ga.js), lai nor\u0101d\u012btu, ka dati par attiec\u012bgo interneta vietnes apmekl\u0113jumu nav j\u0101s\u016bta uz \u201cGoogle Analytics\u201d.<\/p>\n<h3>Google Adwords s\u012bkdatnes<\/h3>\n<p style=\"text-align: justify;\">\u0160\u012b vietne izmanto Google AdWords atk\u0101rtota m\u0101rketinga pakalpojumu, kas izvietos rekl\u0101mu tre\u0161o personu vietn\u0113s (ieskaitot Google) m\u016bsu iepriek\u0161\u0113jiem apmekl\u0113t\u0101jiem.J\u016bs varat veikt iestat\u012bjumus, k\u0101d\u0101 veid\u0101 Google reklam\u0113jas, izmantojot Google Ad Preferences lapu, un, ja J\u016bs v\u0113laties, J\u016bs varat atteikties no s\u012bkdat\u0146u izmantot\u0101s, uz interes\u0113m balst\u012btas rekl\u0101mas, izmantojot opt out of interest-based ads lapu (atteikties no uz interes\u0113m balst\u012btam rekl\u0101mam) &#8211; https:\/\/support.google.com\/ads\/answer\/2662922?hl=en<\/p>\n<h3>K\u0101 atteikties no s\u012bkdat\u0146u sa\u0146em\u0161anas?<\/h3>\n<p style=\"text-align: justify;\">Liel\u0101kajai da\u013cai p\u0101rl\u016bkprogrammu var nor\u0101d\u012bt, ka nev\u0113laties sa\u0146emt s\u012bkdatnes visp\u0101r vai tikai no k\u0101das specifiskas t\u012bmek\u013ca vietnes. Visas m\u016bsdienu p\u0101rl\u016bkprogrammas \u013cauj main\u012bt s\u012bkdat\u0146u sa\u0146em\u0161anas iestat\u012bjumus. \u0160ie iestat\u012bjumi parasti ir pieejami p\u0101rl\u016bkprogrammas opciju vai preferen\u010du izv\u0113ln\u0113.<\/p>\n","protected":false},"excerpt":{"rendered":"<p>\u0160aj\u0101 vietn\u0113 tiek lietotas s\u012bkdatnes (ang\u013cu valod\u0101 \u201ccookies\u201c). Kas ir s\u012bkdatne? S\u012bkdatne ir neliela teksta datne, kas tiek nos\u016bt\u012bta uz J\u016bsu datoru vai mobilo iek\u0101rtu t\u012bmek\u013ca vietnes apmekl\u0113\u0161an\u0101s laik\u0101 un ko t\u012bmek\u013ca vietne saglab\u0101 j\u016bsu dator\u0101 vai mobilaj\u0101 ier\u012bc\u0113, kad j\u016bs atverat vietni. Katr\u0101 turpm\u0101kaj\u0101 apmekl\u0113juma reiz\u0113 s\u012bkdatnes tiek nos\u016bt\u012btas atpaka\u013c uz izcelsmes m\u0101jas lapu [&hellip;]<\/p>\n","protected":false},"author":1,"featured_media":0,"parent":0,"menu_order":0,"comment_status":"closed","ping_status":"closed","template":"","meta":{"footnotes":""},"class_list":["post-6008","page","type-page","status-publish","hentry"],"aioseo_notices":[],"_links":{"self":[{"href":"https:\/\/linguafranca.lv\/en\/wp-json\/wp\/v2\/pages\/6008","targetHints":{"allow":["GET"]}}],"collection":[{"href":"https:\/\/linguafranca.lv\/en\/wp-json\/wp\/v2\/pages"}],"about":[{"href":"https:\/\/linguafranca.lv\/en\/wp-json\/wp\/v2\/types\/page"}],"author":[{"embeddable":true,"href":"https:\/\/linguafranca.lv\/en\/wp-json\/wp\/v2\/users\/1"}],"replies":[{"embeddable":true,"href":"https:\/\/linguafranca.lv\/en\/wp-json\/wp\/v2\/comments?post=6008"}],"version-history":[{"count":1,"href":"https:\/\/linguafranca.lv\/en\/wp-json\/wp\/v2\/pages\/6008\/revisions"}],"predecessor-version":[{"id":6113,"href":"https:\/\/linguafranca.lv\/en\/wp-json\/wp\/v2\/pages\/6008\/revisions\/6113"}],"wp:attachment":[{"href":"https:\/\/linguafranca.lv\/en\/wp-json\/wp\/v2\/media?parent=6008"}],"curies":[{"name":"wp","href":"https:\/\/api.w.org\/{rel}","templated":true}]}}