{"id":3713,"date":"2015-06-04T13:20:42","date_gmt":"2015-06-04T13:20:42","guid":{"rendered":"https:\/\/linguafranca.lv\/?page_id=3713"},"modified":"2026-04-21T09:43:08","modified_gmt":"2026-04-21T09:43:08","slug":"kursy-dlya-bezrabotnyx","status":"publish","type":"page","link":"https:\/\/linguafranca.lv\/ru\/kursy-dlya-bezrabotnyx\/","title":{"rendered":"\u041a\u0443\u0440\u0441\u044b \u0434\u043b\u044f \u0431\u0435\u0437\u0440\u0430\u0431\u043e\u0442\u043d\u044b\u0445"},"content":{"rendered":"<div  class='avia-image-container  av-styling-    avia-builder-el-0  avia-builder-el-no-sibling  avia-align-center '  itemprop=\"image\" itemscope=\"itemscope\" itemtype=\"https:\/\/schema.org\/ImageObject\"  ><div class='avia-image-container-inner'><div class='avia-image-overlay-wrap'><img decoding=\"async\" class='wp-image-23405 avia-img-lazy-loading-not-23405 avia_image' src=\"https:\/\/linguafranca.lv\/wp-content\/uploads\/2026\/04\/unnamed-1-3.jpg\" alt='' title='unnamed (1)' height=\"129\" width=\"299\"  itemprop=\"thumbnailUrl\"  \/><\/div><\/div><\/div>\n<p class=\"text-align-center\" style=\"text-align: center;\">Atvese\u013co\u0161anas\u00a0fonda\u00a0projekts \u201cPrasmju pilnveide pieaugu\u0161ajiem\u201d Nr. 3.1.2.5.i.0\/1\/23\/I\/CFLA\/001<\/p>\n<p class=\"text-align-center\" style=\"text-align: center;\">ESF Plus projekts \u201cAtbalsts pieaugu\u0161o izgl\u012bt\u012bbai\u201d Nr.\u00a04.3.3.1\/1\/26\/I\/001<\/p>\n<p>\u0415\u0441\u043b\u0438 \u0412\u044b \u0431\u0435\u0437\u0440\u0430\u0431\u043e\u0442\u043d\u044b\u0439 \u0438\u043b\u0438 \u0438\u0449\u0438\u0442\u0435 \u0440\u0430\u0431\u043e\u0442\u0443 \u0438 \u0432 \u0413\u043e\u0441\u0443\u0434\u0430\u0440\u0441\u0442\u0432\u0435\u043d\u043d\u043e\u043c \u0430\u0433\u0435\u043d\u0442\u0441\u0442\u0432\u0435 \u0437\u0430\u043d\u044f\u0442\u043e\u0441\u0442\u0438 (NVA) \u043f\u043e\u043b\u0443\u0447\u0438\u043b\u0438 \u043a\u0443\u043f\u043e\u043d, \u0432 \u0441\u043e\u0442\u0440\u0443\u0434\u043d\u0438\u0447\u0435\u0441\u0442\u0432\u0435 \u0441 \u0413\u043e\u0441\u0443\u0434\u0430\u0440\u0441\u0442\u0432\u0435\u043d\u043d\u044b\u043c \u0430\u0433\u0435\u043d\u0442\u0441\u0442\u0432\u043e\u043c \u0437\u0430\u043d\u044f\u0442\u043e\u0441\u0442\u0438 (NVA) \u0440\u0435\u0430\u043b\u0438\u0437\u0438\u0440\u0443\u0435\u0442\u0441\u044f \u0431\u0435\u0441\u043f\u043b\u0430\u0442\u043d\u043e\u0435 \u043e\u0431\u0443\u0447\u0435\u043d\u0438\u0435 \u0432 \u0440\u0430\u043c\u043a\u0430\u0445 \u043f\u0440\u043e\u0433\u0440\u0430\u043c\u043c\u044b \u201e\u041d\u0435\u0444\u043e\u0440\u043c\u0430\u043b\u044c\u043d\u043e\u0435 \u043e\u0431\u0440\u0430\u0437\u043e\u0432\u0430\u043d\u0438\u0435&#8221;, \u0433\u0434\u0435 \u0438\u043c\u0435\u0435\u0442\u0441\u044f \u0432\u043e\u0437\u043c\u043e\u0436\u043d\u043e\u0441\u0442\u044c \u043f\u0440\u0438\u043d\u044f\u0442\u044c \u0443\u0447\u0430\u0441\u0442\u0438\u0435 \u0432 \u043f\u0440\u043e\u0433\u0440\u0430\u043c\u043c\u0430\u0445 \u043e\u0431\u0443\u0447\u0435\u043d\u0438\u044f \u0430\u043d\u0433\u043b\u0438\u0439\u0441\u043a\u043e\u043c\u0443 \u044f\u0437\u044b\u043a\u0443.<\/p>\n<h3><strong>K\u0423\u0420\u0421\u042b \u0410\u041d\u0413\u041b\u0418\u0419\u0421\u041a\u041e\u0413\u041e \u042f\u0417\u042b\u041a\u0410 (100 \u0427\u0410\u0421\u041e\u0412 -25 \u0420\u0410\u0411\u041e\u0427\u0418\u0425 \u0414\u041d\u0415\u0419)<\/strong><\/h3>\n<h3>\u041d\u0435\u0444\u043e\u0440\u043c\u0430\u043b\u044c\u043d\u043e\u0435 \u043e\u0431\u0440\u0430\u0437\u043e\u0432\u0430\u043d\u0438\u0435 \u0432 \u043f\u0440\u043e\u0433\u0440\u0430\u043c\u043c\u0430\u0445 \u043e\u0431\u0443\u0447\u0435\u043d\u0438\u044f \u0430\u043d\u0433\u043b\u0438\u0439\u0441\u043a\u043e\u043c\u0443 \u044f\u0437\u044b\u043a\u0443:<\/h3>\n<p>\u041e\u0431\u0443\u0447\u0435\u043d\u0438\u0435 \u0430\u043d\u0433\u043b\u0438\u0439\u0441\u043a\u043e\u043c\u0443 \u043f\u0440\u043e\u0445\u043e\u0434\u0438\u0442 \u043a\u0430\u0436\u0434\u044b\u0439 \u0440\u0430\u0431\u043e\u0447\u0438\u0439 \u0434\u0435\u043d\u044c \u043f\u043e 3 \u0447\u0430\u0441\u0430 (\u043f\u0435\u0440\u0435\u0440\u044b\u0432 15 \u043c\u0438\u043d\u0443\u0442)<\/p>\n<p>\u0410\u043d\u0433\u043b\u0438\u0439\u0441\u043a\u0438\u0439 (\u0441\u043e \u0437\u043d\u0430\u043d\u0438\u044f\u043c\u0438) &#8211; Elementary &#8211; 100 \u0430\u043a\u0430\u0434. \u0447\u0430\u0441\u043e\u0432<br \/>\u0410\u043d\u0433\u043b\u0438\u0439\u0441\u043a\u0438\u0439 (\u0441\u043e \u0437\u043d\u0430\u043d\u0438\u044f\u043c\u0438) &#8211; Lower Intermediate &#8211; 100 \u0430\u043a\u0430\u0434. \u0447\u0430\u0441\u043e\u0432<br \/>\u0410\u043d\u0433\u043b\u0438\u0439\u0441\u043a\u0438\u0439 (\u0441\u043e \u0437\u043d\u0430\u043d\u0438\u044f\u043c\u0438) &#8211; Intermediate &#8211; 100 \u0430\u043a\u0430\u0434. \u0447\u0430\u0441\u043e\u0432<br \/>\u0410\u043d\u0433\u043b\u0438\u0439\u0441\u043a\u0438\u0439 (\u0441\u043e \u0437\u043d\u0430\u043d\u0438\u044f\u043c\u0438) &#8211; Higher Intermediate &#8211; 100 \u0430\u043a\u0430\u0434. \u0447\u0430\u0441\u043e\u0432<\/p>\n<p>\u0420\u0430\u0441\u043f\u0438\u0441\u0430\u043d\u0438\u0435 \u043a\u0443\u0440\u0441\u043e\u0432 \u0434\u043e\u0441\u0442\u0443\u043f\u043d\u043e\u00a0<strong><a href=\"https:\/\/linguafranca.lv\/ru\/raspisanie-kursov\/#%D0%98%D0%9D%D0%A2%D0%95%D0%9D%D0%A1%D0%98%D0%92%D0%9D%D0%AB%D0%95-%D0%9A%D0%A3%D0%A0%D0%A1%D0%AB-%D0%90%D0%9D%D0%93%D0%9B%D0%98%D0%99%D0%A1%D0%9A%D0%9E%D0%93%D0%9E-%D0%AF%D0%97%D0%AB%D0%9A%D0%90\">\u0437\u0434\u0435\u0441\u044c <\/a><\/strong><\/p>\n<h3>\u041a\u0430\u043a \u043f\u0440\u0438\u043d\u044f\u0442\u044c \u0443\u0447\u0430\u0441\u0442\u0438\u0435 \u0432 \u043c\u0435\u0440\u043e\u043f\u0440\u0438\u044f\u0442\u0438\u0438:<\/h3>\n<ul>\n<li>\u0412\u044b\u0431\u0435\u0440\u0438\u0442\u0435 \u0432 LINGUA FRANCA \u043e\u0434\u043d\u0443 \u0438\u0437 \u043f\u0440\u043e\u0433\u0440\u0430\u043c\u043c \u043e\u0431\u0443\u0447\u0435\u043d\u0438\u044f \u0432 \u0440\u0430\u043c\u043a\u0430\u0445 \u201e\u041d\u0435\u0444\u043e\u0440\u043c\u0430\u043b\u044c\u043d\u043e\u0433\u043e \u043e\u0431\u0443\u0447\u0435\u043d\u0438\u044f&#8221;;<\/li>\n<li>\u041f\u043e\u043b\u0443\u0447\u0438\u0442\u0435 \u043a\u0443\u043f\u043e\u043d \u0432 \u0413\u043e\u0441\u0443\u0434\u0430\u0440\u0441\u0442\u0432\u0435\u043d\u043d\u043e\u043c \u0430\u0433\u0435\u043d\u0442\u0441\u0442\u0432\u0435 \u0437\u0430\u043d\u044f\u0442\u043e\u0441\u0442\u0438 (NVA);<\/li>\n<li>\u0417\u0430\u0440\u0435\u0433\u0435\u0441\u0442\u0440\u0438\u0440\u0443\u0439\u0442\u0435 \u043a\u0443\u043f\u043e\u043d \u0432 NVA \u0441\u0438\u0441\u0442\u0435\u043c\u0435 \u043e\u0431\u0443\u0447\u0435\u043d\u0438\u044f \u0438 \u041c\u044b \u043f\u043e\u0441\u043b\u0435 \u0441\u0434\u0430\u0447\u0438 \u0442\u0435\u0441\u0442\u0430 \u043f\u043e\u0434\u0442\u0432\u0435\u0440\u0434\u0438\u043c \u0412\u0430\u0448 \u043a\u0443\u043f\u043e\u043d;<\/li>\n<li>\u0412\u044b\u043f\u043e\u043b\u043d\u0438\u0432 \u043d\u0435\u0441\u043a\u043e\u043b\u044c\u043a\u043e \u0442\u0435\u0441\u0442\u043e\u0432\u044b\u0445 \u0437\u0430\u0434\u0430\u043d\u0438\u0439 \u0432 \u043e\u043d\u043b\u0438\u043d\u0435 \u0441\u0440\u0435\u0434\u0435 (\u043d\u0435\u043e\u0431\u0445\u043e\u0434\u0438\u043c\u043e\u0435 \u0432\u0440\u0435\u043c\u044f \u043e\u043a\u043e\u043b\u043e 45 \u043c\u0438\u043d\u0443\u0442), \u0432\u044b \u043c\u043e\u0436\u0435\u0442\u0435 \u0431\u044b\u0442\u044c \u0437\u0430\u0447\u0438\u0441\u043b\u0435\u043d\u044b \u0432 \u0433\u0440\u0443\u043f\u043f\u0443, \u0441\u043e\u043e\u0442\u0432\u0435\u0442\u0441\u0442\u0432\u0443\u044e\u0449\u0443\u044e \u0432\u0430\u0448\u0435\u043c\u0443 \u0443\u0440\u043e\u0432\u043d\u044e \u0437\u043d\u0430\u043d\u0438\u0439 \u0430\u043d\u0433\u043b\u0438\u0439\u0441\u043a\u043e\u0433\u043e \u044f\u0437\u044b\u043a\u0430. \u0422\u0435\u0441\u0442 \u043e\u0442\u043f\u0440\u0430\u0432\u043b\u044f\u0435\u043c \u043d\u0430 \u0435\u043c\u0430\u0439\u043b, \u043a\u043e\u0442\u043e\u0440\u044b\u0439 \u0443\u043a\u0430\u0437\u0430\u043d \u0432 \u0412\u0430\u0448\u0435\u043c \u043a\u0443\u043f\u043e\u043d\u0435;<\/li>\n<li>\u0412 \u0442\u0435\u0447\u0435\u043d\u0438\u0435 \u0434\u0432\u0443\u0445 \u043d\u0435\u0434\u0435\u043b\u044c \u043e\u043f\u0440\u0435\u0434\u0435\u043b\u0438\u043c\u0441\u044f \u0441 \u043d\u0430\u0447\u0430\u043b\u043e\u043c \u0443\u0447\u0435\u0431\u044b \u0438 \u043f\u043e\u0434\u043f\u0438\u0448\u0435\u043c \u0434\u043e\u0433\u043e\u0432\u043e\u0440 \u0434\u0432\u0430 &#8211; \u0442\u0440\u0438 \u0434\u043d\u044f \u0434\u043e \u043d\u0430\u0447\u0430\u043b\u0430 \u043e\u0431\u0443\u0447\u0435\u043d\u0438\u044f;<\/li>\n<li>\u041e\u0431\u0443\u0447\u0435\u043d\u0438\u0435 \u043f\u0440\u043e\u0445\u043e\u0434\u0438\u0442 \u0434\u0438\u0441\u0442\u0430\u043d\u043d\u0446\u0438\u043e\u043d\u043d\u043e \u0438\u043b\u0438 \u043e\u0447\u043d\u043e (T\u0113rbatas iela 53-6, R\u012bga, LV-1011);<\/li>\n<li>\u041f\u043e \u043e\u043a\u043e\u043d\u0447\u0430\u043d\u0438\u0438 \u043a\u0430\u0436\u0434\u043e\u0433\u043e \u0443\u0440\u043e\u0432\u043d\u044f \u043e\u0431\u0443\u0447\u0435\u043d\u0438\u044f \u0443\u0447\u0430\u0449\u0438\u0435\u0441\u044f \u0441\u0434\u0430\u044e\u0442 \u044d\u043a\u0437\u0430\u043c\u0435\u043d \u043f\u043e \u0438\u0442\u043e\u0433\u0430\u043c \u043f\u0440\u043e\u0439\u0434\u0435\u043d\u043d\u043e\u0433\u043e \u043c\u0430\u0442\u0435\u0440\u0438\u0430\u043b\u0430. \u041f\u0440\u0438 \u0443\u0441\u043f\u0435\u0448\u043d\u043e\u0439 \u0441\u0434\u0430\u0447\u0435 \u044d\u043a\u0437\u0430\u043c\u0435\u043d\u0430 \u0432\u044b\u0434\u0430\u0435\u0442\u0441\u044f \u0441\u0435\u0440\u0442\u0438\u0444\u0438\u043a\u0430\u0442.<\/li>\n<\/ul>\n<p style=\"text-align: justify;\"><strong>\u0412\u0430\u0436\u043d\u043e!<\/strong><br \/>\u041e\u0431\u0443\u0447\u0435\u043d\u0438\u0435 \u0430\u043d\u0433\u043b\u0438\u0439\u0441\u043a\u043e\u043c\u0443 \u044f\u0437\u044b\u043a\u0443 \u043f\u0440\u043e\u0432\u043e\u0434\u044f\u0442 \u0441\u0435\u0440\u0442\u0438\u0444\u0438\u0446\u0438\u0440\u043e\u0432\u0430\u043d\u043d\u044b\u0435 \u043f\u0440\u0435\u043f\u043e\u0434\u0430\u0432\u0430\u0442\u0435\u043b\u0438, \u0434\u043b\u044f \u043a\u043e\u0442\u043e\u0440\u044b\u0445 \u043f\u0440\u0435\u043f\u043e\u0434\u0430\u0432\u0430\u0435\u043c\u044b\u0439 \u044f\u0437\u044b\u043a \u044f\u0432\u043b\u044f\u0435\u0442\u0441\u044f \u0440\u043e\u0434\u043d\u044b\u043c. \u0423\u0447\u0435\u0431\u043d\u0438\u043a\u0438 \u0438 \u043c\u0430\u0442\u0435\u0440\u0438\u0430\u043b\u044b \u0432\u043a\u043b\u044e\u0447\u0435\u043d\u044b \u0432 \u0441\u0442\u043e\u0438\u043c\u043e\u0441\u0442\u044c \u043e\u0431\u0443\u0447\u0435\u043d\u0438\u044f.<\/p>\n<p>_________<\/p>\n<p style=\"font-size: small;\">[1] ESF vizu\u0101l\u0101s identit\u0101tes z\u012bmes lieto, \u012bstenojot Apm\u0101c\u012bbu no ESF finan\u0161u l\u012bdzek\u013ciem.<\/p>\n\n\n<p><\/p>\n","protected":false},"excerpt":{"rendered":"<p>Atvese\u013co\u0161anas\u00a0fonda\u00a0projekts \u201cPrasmju pilnveide pieaugu\u0161ajiem\u201d Nr. 3.1.2.5.i.0\/1\/23\/I\/CFLA\/001 ESF Plus projekts \u201cAtbalsts pieaugu\u0161o izgl\u012bt\u012bbai\u201d Nr.\u00a04.3.3.1\/1\/26\/I\/001 \u0415\u0441\u043b\u0438 \u0412\u044b \u0431\u0435\u0437\u0440\u0430\u0431\u043e\u0442\u043d\u044b\u0439 \u0438\u043b\u0438 \u0438\u0449\u0438\u0442\u0435 \u0440\u0430\u0431\u043e\u0442\u0443 \u0438 \u0432 \u0413\u043e\u0441\u0443\u0434\u0430\u0440\u0441\u0442\u0432\u0435\u043d\u043d\u043e\u043c \u0430\u0433\u0435\u043d\u0442\u0441\u0442\u0432\u0435 \u0437\u0430\u043d\u044f\u0442\u043e\u0441\u0442\u0438 (NVA) \u043f\u043e\u043b\u0443\u0447\u0438\u043b\u0438 \u043a\u0443\u043f\u043e\u043d, \u0432 \u0441\u043e\u0442\u0440\u0443\u0434\u043d\u0438\u0447\u0435\u0441\u0442\u0432\u0435 \u0441 \u0413\u043e\u0441\u0443\u0434\u0430\u0440\u0441\u0442\u0432\u0435\u043d\u043d\u044b\u043c \u0430\u0433\u0435\u043d\u0442\u0441\u0442\u0432\u043e\u043c \u0437\u0430\u043d\u044f\u0442\u043e\u0441\u0442\u0438 (NVA) \u0440\u0435\u0430\u043b\u0438\u0437\u0438\u0440\u0443\u0435\u0442\u0441\u044f \u0431\u0435\u0441\u043f\u043b\u0430\u0442\u043d\u043e\u0435 \u043e\u0431\u0443\u0447\u0435\u043d\u0438\u0435 \u0432 \u0440\u0430\u043c\u043a\u0430\u0445 \u043f\u0440\u043e\u0433\u0440\u0430\u043c\u043c\u044b \u201e\u041d\u0435\u0444\u043e\u0440\u043c\u0430\u043b\u044c\u043d\u043e\u0435 \u043e\u0431\u0440\u0430\u0437\u043e\u0432\u0430\u043d\u0438\u0435&#8221;, \u0433\u0434\u0435 \u0438\u043c\u0435\u0435\u0442\u0441\u044f \u0432\u043e\u0437\u043c\u043e\u0436\u043d\u043e\u0441\u0442\u044c \u043f\u0440\u0438\u043d\u044f\u0442\u044c \u0443\u0447\u0430\u0441\u0442\u0438\u0435 \u0432 \u043f\u0440\u043e\u0433\u0440\u0430\u043c\u043c\u0430\u0445 \u043e\u0431\u0443\u0447\u0435\u043d\u0438\u044f \u0430\u043d\u0433\u043b\u0438\u0439\u0441\u043a\u043e\u043c\u0443 \u044f\u0437\u044b\u043a\u0443. K\u0423\u0420\u0421\u042b \u0410\u041d\u0413\u041b\u0418\u0419\u0421\u041a\u041e\u0413\u041e \u042f\u0417\u042b\u041a\u0410 [&hellip;]<\/p>\n","protected":false},"author":1,"featured_media":0,"parent":0,"menu_order":0,"comment_status":"closed","ping_status":"closed","template":"","meta":{"footnotes":""},"class_list":["post-3713","page","type-page","status-publish","hentry"],"aioseo_notices":[],"_links":{"self":[{"href":"https:\/\/linguafranca.lv\/ru\/wp-json\/wp\/v2\/pages\/3713","targetHints":{"allow":["GET"]}}],"collection":[{"href":"https:\/\/linguafranca.lv\/ru\/wp-json\/wp\/v2\/pages"}],"about":[{"href":"https:\/\/linguafranca.lv\/ru\/wp-json\/wp\/v2\/types\/page"}],"author":[{"embeddable":true,"href":"https:\/\/linguafranca.lv\/ru\/wp-json\/wp\/v2\/users\/1"}],"replies":[{"embeddable":true,"href":"https:\/\/linguafranca.lv\/ru\/wp-json\/wp\/v2\/comments?post=3713"}],"version-history":[{"count":17,"href":"https:\/\/linguafranca.lv\/ru\/wp-json\/wp\/v2\/pages\/3713\/revisions"}],"predecessor-version":[{"id":23413,"href":"https:\/\/linguafranca.lv\/ru\/wp-json\/wp\/v2\/pages\/3713\/revisions\/23413"}],"wp:attachment":[{"href":"https:\/\/linguafranca.lv\/ru\/wp-json\/wp\/v2\/media?parent=3713"}],"curies":[{"name":"wp","href":"https:\/\/api.w.org\/{rel}","templated":true}]}}